{"id":2094,"date":"2017-12-22T12:51:21","date_gmt":"2017-12-22T17:51:21","guid":{"rendered":"https:\/\/tourneedescantons.enconstruction.website\/devenir-membre\/"},"modified":"2022-04-13T13:10:06","modified_gmt":"2022-04-13T17:10:06","slug":"becoming-a-member","status":"publish","type":"page","link":"https:\/\/tourneedescantons.com\/en\/becoming-a-member\/","title":{"rendered":"Becoming a member"},"content":{"rendered":"<div class=\"wpb-content-wrapper\"><p>[vc_row full_width=&#8221;stretch_row&#8221; hide_bg_image_on_tablet=&#8221;&#8221; hide_bg_image_on_mobile=&#8221;&#8221;][vc_column icons_position=&#8221;left&#8221;]<div\t\tclass=\"sc_title color_style_default sc_title_default\"><h2 class=\"sc_item_title sc_title_title sc_align_center sc_item_title_style_default\">Become a member<\/h2><h6 class=\"sc_item_subtitle sc_title_subtitle sc_align_center sc_item_title_style_default\">of the Tourn\u00e9e des cantons de Rawdon!<\/h6><div class=\"sc_item_descr sc_title_descr sc_align_center\"><p>Page under construction<\/p>\n<\/div><\/div>[\/vc_column][vc_column width=&#8221;1\/4&#8243; icons_position=&#8221;left&#8221;][\/vc_column][vc_column width=&#8221;1\/2&#8243; icons_position=&#8221;left&#8221;][\/vc_column][vc_column width=&#8221;1\/4&#8243; icons_position=&#8221;left&#8221;][\/vc_column][\/vc_row]<\/p>\n<\/div>","protected":false},"excerpt":{"rendered":"<p>[vc_row full_width=&#8221;stretch_row&#8221; hide_bg_image_on_tablet=&#8221;&#8221; hide_bg_image_on_mobile=&#8221;&#8221;][vc_column icons_position=&#8221;left&#8221;][\/vc_column][vc_column width=&#8221;1\/4&#8243; icons_position=&#8221;left&#8221;][\/vc_column][vc_column width=&#8221;1\/2&#8243; icons_position=&#8221;left&#8221;][\/vc_column][vc_column width=&#8221;1\/4&#8243; icons_position=&#8221;left&#8221;][\/vc_column][\/vc_row]<\/p>\n","protected":false},"author":1,"featured_media":0,"parent":0,"menu_order":0,"comment_status":"closed","ping_status":"closed","template":"","meta":{"inline_featured_image":false,"_price":"","_stock":"","_tribe_ticket_header":"","_tribe_default_ticket_provider":"","_tribe_ticket_capacity":"0","_ticket_start_date":"","_ticket_end_date":"","_tribe_ticket_show_description":"","_tribe_ticket_show_not_going":false,"_tribe_ticket_use_global_stock":"","_tribe_ticket_global_stock_level":"","_global_stock_mode":"","_global_stock_cap":"","_tribe_rsvp_for_event":"","_tribe_ticket_going_count":"","_tribe_ticket_not_going_count":"","_tribe_tickets_list":"[]","_tribe_ticket_has_attendee_info_fields":false,"footnotes":"","_tec_slr_enabled":"","_tec_slr_layout":""},"class_list":["post-2094","page","type-page","status-publish","hentry"],"yoast_head":"<!-- This site is optimized with the Yoast SEO plugin v27.6 - https:\/\/yoast.com\/product\/yoast-seo-wordpress\/ -->\n<title>Becoming a member of the Tourn\u00e9e des cantons de Rawdon, Lanaudi\u00e8re<\/title>\n<meta name=\"robots\" content=\"index, follow, max-snippet:-1, max-image-preview:large, max-video-preview:-1\" \/>\n<link rel=\"canonical\" href=\"https:\/\/tourneedescantons.com\/en\/becoming-a-member\/\" \/>\n<meta property=\"og:locale\" content=\"en_US\" \/>\n<meta property=\"og:type\" content=\"article\" \/>\n<meta property=\"og:title\" content=\"Becoming a member of the Tourn\u00e9e des cantons de Rawdon, Lanaudi\u00e8re\" \/>\n<meta property=\"og:description\" content=\"[vc_row full_width=&#8221;stretch_row&#8221; hide_bg_image_on_tablet=&#8221;&#8221; hide_bg_image_on_mobile=&#8221;&#8221;][vc_column icons_position=&#8221;left&#8221;][\/vc_column][vc_column width=&#8221;1\/4&#8243; icons_position=&#8221;left&#8221;][\/vc_column][vc_column width=&#8221;1\/2&#8243; icons_position=&#8221;left&#8221;][\/vc_column][vc_column width=&#8221;1\/4&#8243; icons_position=&#8221;left&#8221;][\/vc_column][\/vc_row]\" \/>\n<meta property=\"og:url\" content=\"https:\/\/tourneedescantons.com\/en\/becoming-a-member\/\" \/>\n<meta property=\"og:site_name\" content=\"La Tourn\u00e9e des Cantons de Rawdon\" \/>\n<meta property=\"article:modified_time\" content=\"2022-04-13T17:10:06+00:00\" \/>\n<meta name=\"twitter:card\" content=\"summary_large_image\" \/>\n<script type=\"application\/ld+json\" class=\"yoast-schema-graph\">{\"@context\":\"https:\\\/\\\/schema.org\",\"@graph\":[{\"@type\":\"WebPage\",\"@id\":\"https:\\\/\\\/tourneedescantons.com\\\/en\\\/becoming-a-member\\\/\",\"url\":\"https:\\\/\\\/tourneedescantons.com\\\/en\\\/becoming-a-member\\\/\",\"name\":\"Becoming a member of the Tourn\u00e9e des cantons de Rawdon, Lanaudi\u00e8re\",\"isPartOf\":{\"@id\":\"https:\\\/\\\/tourneedescantons.com\\\/#website\"},\"datePublished\":\"2017-12-22T17:51:21+00:00\",\"dateModified\":\"2022-04-13T17:10:06+00:00\",\"breadcrumb\":{\"@id\":\"https:\\\/\\\/tourneedescantons.com\\\/en\\\/becoming-a-member\\\/#breadcrumb\"},\"inLanguage\":\"en-US\",\"potentialAction\":[{\"@type\":\"ReadAction\",\"target\":[\"https:\\\/\\\/tourneedescantons.com\\\/en\\\/becoming-a-member\\\/\"]}]},{\"@type\":\"BreadcrumbList\",\"@id\":\"https:\\\/\\\/tourneedescantons.com\\\/en\\\/becoming-a-member\\\/#breadcrumb\",\"itemListElement\":[{\"@type\":\"ListItem\",\"position\":1,\"name\":\"Accueil\",\"item\":\"https:\\\/\\\/tourneedescantons.com\\\/en\\\/\"},{\"@type\":\"ListItem\",\"position\":2,\"name\":\"Becoming a member\"}]},{\"@type\":\"WebSite\",\"@id\":\"https:\\\/\\\/tourneedescantons.com\\\/#website\",\"url\":\"https:\\\/\\\/tourneedescantons.com\\\/\",\"name\":\"La Tourn\u00e9e des Cantons de Rawdon\",\"description\":\"Sentiers au c\u0153ur de Lanaudi\u00e8re\",\"publisher\":{\"@id\":\"https:\\\/\\\/tourneedescantons.com\\\/#organization\"},\"potentialAction\":[{\"@type\":\"SearchAction\",\"target\":{\"@type\":\"EntryPoint\",\"urlTemplate\":\"https:\\\/\\\/tourneedescantons.com\\\/?s={search_term_string}\"},\"query-input\":{\"@type\":\"PropertyValueSpecification\",\"valueRequired\":true,\"valueName\":\"search_term_string\"}}],\"inLanguage\":\"en-US\"},{\"@type\":\"Organization\",\"@id\":\"https:\\\/\\\/tourneedescantons.com\\\/#organization\",\"name\":\"La tourn\u00e9e des cantons de Rawdon\",\"url\":\"https:\\\/\\\/tourneedescantons.com\\\/\",\"logo\":{\"@type\":\"ImageObject\",\"inLanguage\":\"en-US\",\"@id\":\"https:\\\/\\\/tourneedescantons.com\\\/#\\\/schema\\\/logo\\\/image\\\/\",\"url\":\"https:\\\/\\\/tourneedescantons.com\\\/wp-content\\\/uploads\\\/2022\\\/03\\\/tdcr-logo-retina.png\",\"contentUrl\":\"https:\\\/\\\/tourneedescantons.com\\\/wp-content\\\/uploads\\\/2022\\\/03\\\/tdcr-logo-retina.png\",\"width\":230,\"height\":260,\"caption\":\"La tourn\u00e9e des cantons de Rawdon\"},\"image\":{\"@id\":\"https:\\\/\\\/tourneedescantons.com\\\/#\\\/schema\\\/logo\\\/image\\\/\"}}]}<\/script>\n<!-- \/ Yoast SEO plugin. -->","yoast_head_json":{"title":"Becoming a member of the Tourn\u00e9e des cantons de Rawdon, Lanaudi\u00e8re","robots":{"index":"index","follow":"follow","max-snippet":"max-snippet:-1","max-image-preview":"max-image-preview:large","max-video-preview":"max-video-preview:-1"},"canonical":"https:\/\/tourneedescantons.com\/en\/becoming-a-member\/","og_locale":"en_US","og_type":"article","og_title":"Becoming a member of the Tourn\u00e9e des cantons de Rawdon, Lanaudi\u00e8re","og_description":"[vc_row full_width=&#8221;stretch_row&#8221; hide_bg_image_on_tablet=&#8221;&#8221; hide_bg_image_on_mobile=&#8221;&#8221;][vc_column icons_position=&#8221;left&#8221;][\/vc_column][vc_column width=&#8221;1\/4&#8243; icons_position=&#8221;left&#8221;][\/vc_column][vc_column width=&#8221;1\/2&#8243; icons_position=&#8221;left&#8221;][\/vc_column][vc_column width=&#8221;1\/4&#8243; icons_position=&#8221;left&#8221;][\/vc_column][\/vc_row]","og_url":"https:\/\/tourneedescantons.com\/en\/becoming-a-member\/","og_site_name":"La Tourn\u00e9e des Cantons de Rawdon","article_modified_time":"2022-04-13T17:10:06+00:00","twitter_card":"summary_large_image","schema":{"@context":"https:\/\/schema.org","@graph":[{"@type":"WebPage","@id":"https:\/\/tourneedescantons.com\/en\/becoming-a-member\/","url":"https:\/\/tourneedescantons.com\/en\/becoming-a-member\/","name":"Becoming a member of the Tourn\u00e9e des cantons de Rawdon, Lanaudi\u00e8re","isPartOf":{"@id":"https:\/\/tourneedescantons.com\/#website"},"datePublished":"2017-12-22T17:51:21+00:00","dateModified":"2022-04-13T17:10:06+00:00","breadcrumb":{"@id":"https:\/\/tourneedescantons.com\/en\/becoming-a-member\/#breadcrumb"},"inLanguage":"en-US","potentialAction":[{"@type":"ReadAction","target":["https:\/\/tourneedescantons.com\/en\/becoming-a-member\/"]}]},{"@type":"BreadcrumbList","@id":"https:\/\/tourneedescantons.com\/en\/becoming-a-member\/#breadcrumb","itemListElement":[{"@type":"ListItem","position":1,"name":"Accueil","item":"https:\/\/tourneedescantons.com\/en\/"},{"@type":"ListItem","position":2,"name":"Becoming a member"}]},{"@type":"WebSite","@id":"https:\/\/tourneedescantons.com\/#website","url":"https:\/\/tourneedescantons.com\/","name":"La Tourn\u00e9e des Cantons de Rawdon","description":"Sentiers au c\u0153ur de Lanaudi\u00e8re","publisher":{"@id":"https:\/\/tourneedescantons.com\/#organization"},"potentialAction":[{"@type":"SearchAction","target":{"@type":"EntryPoint","urlTemplate":"https:\/\/tourneedescantons.com\/?s={search_term_string}"},"query-input":{"@type":"PropertyValueSpecification","valueRequired":true,"valueName":"search_term_string"}}],"inLanguage":"en-US"},{"@type":"Organization","@id":"https:\/\/tourneedescantons.com\/#organization","name":"La tourn\u00e9e des cantons de Rawdon","url":"https:\/\/tourneedescantons.com\/","logo":{"@type":"ImageObject","inLanguage":"en-US","@id":"https:\/\/tourneedescantons.com\/#\/schema\/logo\/image\/","url":"https:\/\/tourneedescantons.com\/wp-content\/uploads\/2022\/03\/tdcr-logo-retina.png","contentUrl":"https:\/\/tourneedescantons.com\/wp-content\/uploads\/2022\/03\/tdcr-logo-retina.png","width":230,"height":260,"caption":"La tourn\u00e9e des cantons de Rawdon"},"image":{"@id":"https:\/\/tourneedescantons.com\/#\/schema\/logo\/image\/"}}]}},"ticketed":false,"_links":{"self":[{"href":"https:\/\/tourneedescantons.com\/en\/wp-json\/wp\/v2\/pages\/2094","targetHints":{"allow":["GET"]}}],"collection":[{"href":"https:\/\/tourneedescantons.com\/en\/wp-json\/wp\/v2\/pages"}],"about":[{"href":"https:\/\/tourneedescantons.com\/en\/wp-json\/wp\/v2\/types\/page"}],"author":[{"embeddable":true,"href":"https:\/\/tourneedescantons.com\/en\/wp-json\/wp\/v2\/users\/1"}],"replies":[{"embeddable":true,"href":"https:\/\/tourneedescantons.com\/en\/wp-json\/wp\/v2\/comments?post=2094"}],"version-history":[{"count":2,"href":"https:\/\/tourneedescantons.com\/en\/wp-json\/wp\/v2\/pages\/2094\/revisions"}],"predecessor-version":[{"id":2096,"href":"https:\/\/tourneedescantons.com\/en\/wp-json\/wp\/v2\/pages\/2094\/revisions\/2096"}],"wp:attachment":[{"href":"https:\/\/tourneedescantons.com\/en\/wp-json\/wp\/v2\/media?parent=2094"}],"curies":[{"name":"wp","href":"https:\/\/api.w.org\/{rel}","templated":true}]}}